{"id":874,"date":"2025-07-26T02:54:01","date_gmt":"2025-07-26T02:54:01","guid":{"rendered":"https:\/\/zibaboutiquemx.com\/?page_id=874"},"modified":"2025-07-26T02:58:50","modified_gmt":"2025-07-26T02:58:50","slug":"pagina-de-contacto","status":"publish","type":"page","link":"https:\/\/zibaboutiquemx.com\/?page_id=874","title":{"rendered":"P\u00c1GINA DE CONTACTO"},"content":{"rendered":"\n<div class=\"wp-block-stackable-columns alignfull stk-block-columns stk-block stk-2dc1a64\" stk-design-library__bg-target=\"false\" data-block-id=\"2dc1a64\"><div class=\"stk-row stk-inner-blocks stk-block-content stk-content-align stk-2dc1a64-column alignwide\">\n<div class=\"wp-block-stackable-column stk-block-column stk-column stk-block stk-6780112 stk-block-background stk--has-background-overlay\" data-v=\"4\" data-block-id=\"6780112\"><style>.stk-6780112 {background-image:url(https:\/\/zibaboutiquemx.com\/wp-content\/uploads\/2025\/07\/kateryna-hliznitsova-q8l4nblPLUQ-unsplash-scaled.jpg) !important;}@media screen and (min-width:690px){.stk-6780112 {flex:var(--stk-flex-grow, 1) 1 calc(42.79999999999998% - var(--stk-column-gap, 0px) * 1 \/ 2 ) !important;}}<\/style><div class=\"stk-column-wrapper stk-block-column__content stk-container stk-6780112-container stk--no-background stk--no-padding\"><div class=\"stk-block-content stk-inner-blocks stk-6780112-inner-blocks\"><\/div><\/div><\/div>\n\n\n\n<div class=\"wp-block-stackable-column stk-block-column stk-column stk-block stk-f981027\" data-v=\"4\" stk-design-library__bg-target=\"true\" data-block-id=\"f981027\"><style>@media screen and (min-width:690px){.stk-f981027 {flex:var(--stk-flex-grow, 1) 1 calc(57.20000000000002% - var(--stk-column-gap, 0px) * 1 \/ 2 ) !important;}}<\/style><div class=\"stk-column-wrapper stk-block-column__content stk-container stk-f981027-container stk--no-background stk--no-padding\"><div class=\"stk-block-content stk-inner-blocks stk-f981027-inner-blocks\">\n<div class=\"wp-block-stackable-heading stk-block-heading stk-block-heading--v2 stk-block stk-51c1041\" id=\"heading-placeholder\" data-block-id=\"51c1041\"><h2 class=\"stk-block-heading__text\"><strong>\u00bfTienes dudas? \u00a1Hablemos!<\/strong> <\/h2><\/div>\n\n\n\n<div class=\"wp-block-stackable-heading stk-block-heading stk-block-heading--v2 stk-block stk-6cbdfa9\" id=\"heading-placeholder\" data-block-id=\"6cbdfa9\"><h4 class=\"stk-block-heading__text\">Estamos aqu\u00ed para ayudarte a verte fabulosa \u2728<\/h4><\/div>\n\n\n\n<div class=\"wp-block-stackable-text stk-block-text stk-block stk-400be36\" data-block-id=\"400be36\"><style>.stk-400be36 .stk-block-text__text{font-size:var(--stk--preset--font-size--medium, 20px) !important;font-family:\"Palatino Linotype\", Palatino, Palladio, \"URW Palladio L\", \"Book Antiqua\", Baskerville, \"Bookman Old Style\", \"Bitstream Charter\", \"Nimbus Roman No9 L\", Garamond, \"Apple Garamond\", \"ITC Garamond Narrow\", \"New Century Schoolbook\", \"Century Schoolbook\", \"Century Schoolbook L\", Georgia, serif !important;}@media screen and (max-width:999px){.stk-400be36 .stk-block-text__text{font-size:var(--stk--preset--font-size--medium, 20px) !important;}}<\/style><p class=\"stk-block-text__text\">Si tienes preguntas sobre tu pedido, alguna prenda o solo necesitas un poco de ayuda, aqu\u00ed estamos para ti. Y si solo quieres pasar a saludar, tambi\u00e9n nos encantar\u00e1 leerte.<br>\ud83d\udc8c Escr\u00edbenos por el canal que prefieras, siempre respondemos con buena vibra.<\/p><\/div>\n\n\n\n<div class=\"wp-block-stackable-text stk-block-text stk-block stk-392e015\" data-block-id=\"392e015\"><p class=\"stk-block-text__text\">Tabasco, Mexico \ud83c\udf38<br>Env\u00edos a toda la rep\u00fablica mexicana \ud83c\uddf2\ud83c\uddfd <\/p><\/div>\n\n\n\n<div class=\"wp-block-stackable-text stk-block-text stk-block stk-4bae947\" data-block-id=\"4bae947\"><p class=\"stk-block-text__text\">\ud83d\udcde <strong>Tel\u00e9fono<\/strong>: 000-000-0000<\/p><\/div>\n<\/div><\/div><\/div>\n<\/div><\/div>\n\n\n\n<div class=\"wp-block-stackable-hero alignfull stk-block-hero stk-block stk-020c77e stk-block-background is-style-horizontal\" data-v=\"2\" data-block-id=\"020c77e\"><style>.stk-020c77e {background-color:#FFFFFF !important;padding-top:0px !important;padding-right:0px !important;padding-bottom:0px !important;padding-left:0px !important;}.stk-020c77e:before{background-color:#FFFFFF !important;}.stk-020c77e .stk-block-hero__content{min-height:500px !important;align-items:center !important;display:flex !important;}<\/style><div class=\"stk-block-hero__content stk-content-align stk-020c77e-column alignfull stk-container stk-020c77e-container stk--no-background stk--no-padding\"><div class=\"stk-block-content stk-inner-blocks stk-020c77e-inner-blocks\">\n<div class=\"wp-block-stackable-columns stk-block-columns stk-block stk-5ccc960\" data-block-id=\"5ccc960\"><div class=\"stk-row stk-inner-blocks stk-block-content stk-content-align stk-5ccc960-column\">\n<div class=\"wp-block-stackable-column stk-block-column stk-column stk-block stk-da577c1\" data-v=\"4\" data-block-id=\"da577c1\"><style>.stk-da577c1-container{margin-top:32px !important;margin-right:32px !important;margin-bottom:32px !important;margin-left:32px !important;}.stk-da577c1-inner-blocks{justify-content:center !important;}<\/style><div class=\"stk-column-wrapper stk-block-column__content stk-container stk-da577c1-container stk--no-background stk--no-padding\"><div class=\"has-text-align-left stk--column-flex stk-block-content stk-inner-blocks stk-da577c1-inner-blocks\">\n<div class=\"wp-block-stackable-heading stk-block-heading stk-block-heading--v2 stk-block stk-dfecb25\" id=\"\ud83d\udcf8-instagram\" data-block-id=\"dfecb25\"><h3 class=\"stk-block-heading__text\">\ud83d\udcf8 Instagram<\/h3><\/div>\n\n\n\n<div class=\"wp-block-stackable-text stk-block-text stk-block stk-c266355\" data-block-id=\"c266355\"><p class=\"stk-block-text__text\">S\u00edguenos en @zibaboutique_mx para conocer nuevos looks, promos exclusivas y m\u00e1s vibes \ud83d\udc96<\/p><\/div>\n\n\n\n<div class=\"wp-block-stackable-heading stk-block-heading stk-block-heading--v2 stk-block stk-ecbe9d3\" id=\"\ud83d\udcac-strong-facebook-strong\" data-block-id=\"ecbe9d3\"><h3 class=\"stk-block-heading__text\"> \ud83d\udcac<strong>Facebook<\/strong><\/h3><\/div>\n\n\n\n<div class=\"wp-block-stackable-text stk-block-text stk-block stk-4cc3feb\" data-block-id=\"4cc3feb\"><style>.stk-4cc3feb {margin-bottom:0px !important;}<\/style><p class=\"stk-block-text__text\">Encu\u00e9ntranos como ZIB\u00c1 Boutique y ent\u00e9rate de novedades \u2728<\/p><\/div>\n\n\n\n<div class=\"wp-block-stackable-heading stk-block-heading stk-block-heading--v2 stk-block stk-ab40de6\" id=\"\ud83d\udce9-correo\" data-block-id=\"ab40de6\"><h3 class=\"stk-block-heading__text\">\ud83d\udce9 Correo<\/h3><\/div>\n\n\n\n<div class=\"wp-block-stackable-text stk-block-text stk-block stk-0b98997\" data-block-id=\"0b98997\"><style>.stk-0b98997 {margin-bottom:0px !important;}<\/style><p class=\"stk-block-text__text\">M\u00e1ndanos correo a <span style=\"color: var(--theme-palette-color-1, #682334);\" class=\"stk-highlight\">zibaboutiquex@gmail.com<\/span>, te respondemos con calma y cari\u00f1o \ud83d\udc8c<\/p><\/div>\n\n\n<\/div><\/div><\/div>\n\n\n\n<div class=\"wp-block-stackable-column stk-block-column stk-column stk-block stk-bf1b7a7\" data-v=\"4\" data-block-id=\"bf1b7a7\"><style>.stk-bf1b7a7-container{margin-top:0px !important;margin-right:0px !important;margin-bottom:0px !important;margin-left:0px !important;}<\/style><div class=\"stk-column-wrapper stk-block-column__content stk-container stk-bf1b7a7-container stk--no-background stk--no-padding\"><div class=\"stk-block-content stk-inner-blocks stk-bf1b7a7-inner-blocks\">\n<div class=\"wp-block-stackable-image stk-block-image stk-block stk-b56489d\" data-block-id=\"b56489d\"><style>.stk-b56489d .stk-img-wrapper{width:100% !important;height:750px !important;}.stk-b56489d .stk-img-wrapper img{object-position:63% 53% !important;}<\/style><figure><span class=\"stk-img-wrapper stk-image--shape-stretch\"><img loading=\"lazy\" decoding=\"async\" class=\"stk-img wp-image-797\" src=\"https:\/\/zibaboutiquemx.com\/wp-content\/uploads\/2025\/07\/pexels-inga-sv-3394310-scaled.jpg\" width=\"2560\" height=\"1832\" srcset=\"https:\/\/zibaboutiquemx.com\/wp-content\/uploads\/2025\/07\/pexels-inga-sv-3394310-scaled.jpg 2560w, https:\/\/zibaboutiquemx.com\/wp-content\/uploads\/2025\/07\/pexels-inga-sv-3394310-300x215.jpg 300w, https:\/\/zibaboutiquemx.com\/wp-content\/uploads\/2025\/07\/pexels-inga-sv-3394310-1024x733.jpg 1024w, https:\/\/zibaboutiquemx.com\/wp-content\/uploads\/2025\/07\/pexels-inga-sv-3394310-768x550.jpg 768w, https:\/\/zibaboutiquemx.com\/wp-content\/uploads\/2025\/07\/pexels-inga-sv-3394310-1536x1099.jpg 1536w, https:\/\/zibaboutiquemx.com\/wp-content\/uploads\/2025\/07\/pexels-inga-sv-3394310-2048x1466.jpg 2048w, https:\/\/zibaboutiquemx.com\/wp-content\/uploads\/2025\/07\/pexels-inga-sv-3394310-600x429.jpg 600w\" sizes=\"auto, (max-width: 2560px) 100vw, 2560px\" \/><\/span><\/figure><\/div>\n<\/div><\/div><\/div>\n<\/div><\/div>\n<\/div><\/div><\/div>\n","protected":false},"excerpt":{"rendered":"<p>\u00bfTienes dudas? \u00a1Hablemos! Estamos aqu\u00ed para ayudarte a verte fabulosa \u2728 Si tienes preguntas sobre tu pedido, alguna prenda o solo necesitas un poco de ayuda, aqu\u00ed estamos para ti. Y si solo quieres pasar a saludar, tambi\u00e9n nos encantar\u00e1 leerte.\ud83d\udc8c Escr\u00edbenos por el canal que prefieras, siempre respondemos con buena vibra. Tabasco, Mexico \ud83c\udf38Env\u00edos [&hellip;]<\/p>\n","protected":false},"author":1,"featured_media":0,"parent":0,"menu_order":0,"comment_status":"closed","ping_status":"closed","template":"","meta":{"footnotes":""},"class_list":["post-874","page","type-page","status-publish","hentry"],"blocksy_meta":[],"_links":{"self":[{"href":"https:\/\/zibaboutiquemx.com\/index.php?rest_route=\/wp\/v2\/pages\/874","targetHints":{"allow":["GET"]}}],"collection":[{"href":"https:\/\/zibaboutiquemx.com\/index.php?rest_route=\/wp\/v2\/pages"}],"about":[{"href":"https:\/\/zibaboutiquemx.com\/index.php?rest_route=\/wp\/v2\/types\/page"}],"author":[{"embeddable":true,"href":"https:\/\/zibaboutiquemx.com\/index.php?rest_route=\/wp\/v2\/users\/1"}],"replies":[{"embeddable":true,"href":"https:\/\/zibaboutiquemx.com\/index.php?rest_route=%2Fwp%2Fv2%2Fcomments&post=874"}],"version-history":[{"count":3,"href":"https:\/\/zibaboutiquemx.com\/index.php?rest_route=\/wp\/v2\/pages\/874\/revisions"}],"predecessor-version":[{"id":879,"href":"https:\/\/zibaboutiquemx.com\/index.php?rest_route=\/wp\/v2\/pages\/874\/revisions\/879"}],"wp:attachment":[{"href":"https:\/\/zibaboutiquemx.com\/index.php?rest_route=%2Fwp%2Fv2%2Fmedia&parent=874"}],"curies":[{"name":"wp","href":"https:\/\/api.w.org\/{rel}","templated":true}]}}